{"id":36115,"date":"2025-10-21T11:27:11","date_gmt":"2025-10-21T11:27:11","guid":{"rendered":"https:\/\/www.gromic.eu\/?page_id=36115"},"modified":"2026-04-16T12:34:08","modified_gmt":"2026-04-16T12:34:08","slug":"gestion-culturelle-emotion","status":"publish","type":"page","link":"https:\/\/www.gromic.eu\/fr\/gestion-culturelle-emotion\/","title":{"rendered":"Gestion Culturelle de l&rsquo;Emotion"},"content":{"rendered":"<p><div class=\"fusion-fullwidth fullwidth-box fusion-builder-row-1 fusion-flex-container has-pattern-background has-mask-background nonhundred-percent-fullwidth non-hundred-percent-height-scrolling\" style=\"--awb-border-radius-top-left:0px;--awb-border-radius-top-right:0px;--awb-border-radius-bottom-right:0px;--awb-border-radius-bottom-left:0px;--awb-flex-wrap:wrap;\" ><div class=\"fusion-builder-row fusion-row fusion-flex-align-items-flex-start fusion-flex-content-wrap\" style=\"max-width:1144px;margin-left: calc(-4% \/ 2 );margin-right: calc(-4% \/ 2 );\"><div class=\"fusion-layout-column fusion_builder_column fusion-builder-column-0 fusion_builder_column_1_5 1_5 fusion-flex-column\" style=\"--awb-bg-size:cover;--awb-width-large:20%;--awb-margin-top-large:0px;--awb-spacing-right-large:9.6%;--awb-margin-bottom-large:20px;--awb-spacing-left-large:9.6%;--awb-width-medium:100%;--awb-order-medium:0;--awb-spacing-right-medium:1.92%;--awb-spacing-left-medium:1.92%;--awb-width-small:100%;--awb-order-small:0;--awb-spacing-right-small:1.92%;--awb-spacing-left-small:1.92%;\"><div class=\"fusion-column-wrapper fusion-column-has-shadow fusion-flex-justify-content-flex-start fusion-content-layout-column\"><\/div><\/div><div class=\"fusion-layout-column fusion_builder_column fusion-builder-column-1 fusion_builder_column_3_5 3_5 fusion-flex-column\" style=\"--awb-bg-size:cover;--awb-width-large:60%;--awb-margin-top-large:0px;--awb-spacing-right-large:3.2%;--awb-margin-bottom-large:20px;--awb-spacing-left-large:3.2%;--awb-width-medium:100%;--awb-order-medium:0;--awb-spacing-right-medium:1.92%;--awb-spacing-left-medium:1.92%;--awb-width-small:100%;--awb-order-small:0;--awb-spacing-right-small:1.92%;--awb-spacing-left-small:1.92%;\"><div class=\"fusion-column-wrapper fusion-column-has-shadow fusion-flex-justify-content-flex-start fusion-content-layout-column\"><div class=\"fusion-image-element \" style=\"text-align:center;--awb-caption-title-font-family:var(--h2_typography-font-family);--awb-caption-title-font-weight:var(--h2_typography-font-weight);--awb-caption-title-font-style:var(--h2_typography-font-style);--awb-caption-title-size:var(--h2_typography-font-size);--awb-caption-title-transform:var(--h2_typography-text-transform);--awb-caption-title-line-height:var(--h2_typography-line-height);--awb-caption-title-letter-spacing:var(--h2_typography-letter-spacing);\"><span class=\" fusion-imageframe imageframe-none imageframe-1 hover-type-none\"><a class=\"fusion-no-lightbox\" href=\"https:\/\/amzn.eu\/d\/5r7ZVC1\" target=\"_blank\" aria-label=\"GCE-FR-Cover-1\" rel=\"noopener noreferrer\"><img decoding=\"async\" width=\"683\" height=\"1024\" src=\"https:\/\/www.gromic.eu\/wp-content\/uploads\/2026\/04\/GCE-FR-Cover-1-1-683x1024.jpg\" alt class=\"img-responsive wp-image-39190\"\/><\/a><\/span><\/div><\/div><\/div><div class=\"fusion-layout-column fusion_builder_column fusion-builder-column-2 fusion_builder_column_1_5 1_5 fusion-flex-column\" style=\"--awb-bg-size:cover;--awb-width-large:20%;--awb-margin-top-large:0px;--awb-spacing-right-large:9.6%;--awb-margin-bottom-large:20px;--awb-spacing-left-large:9.6%;--awb-width-medium:100%;--awb-order-medium:0;--awb-spacing-right-medium:1.92%;--awb-spacing-left-medium:1.92%;--awb-width-small:100%;--awb-order-small:0;--awb-spacing-right-small:1.92%;--awb-spacing-left-small:1.92%;\"><div class=\"fusion-column-wrapper fusion-column-has-shadow fusion-flex-justify-content-flex-start fusion-content-layout-column\"><\/div><\/div><\/div><\/div><div class=\"fusion-fullwidth fullwidth-box fusion-builder-row-2 fusion-flex-container has-pattern-background has-mask-background nonhundred-percent-fullwidth non-hundred-percent-height-scrolling\" style=\"--awb-border-radius-top-left:0px;--awb-border-radius-top-right:0px;--awb-border-radius-bottom-right:0px;--awb-border-radius-bottom-left:0px;--awb-flex-wrap:wrap;\" ><div class=\"fusion-builder-row fusion-row fusion-flex-align-items-flex-start fusion-flex-content-wrap\" style=\"max-width:1144px;margin-left: calc(-4% \/ 2 );margin-right: calc(-4% \/ 2 );\"><div class=\"fusion-layout-column fusion_builder_column fusion-builder-column-3 fusion_builder_column_1_5 1_5 fusion-flex-column\" style=\"--awb-bg-size:cover;--awb-width-large:20%;--awb-margin-top-large:0px;--awb-spacing-right-large:9.6%;--awb-margin-bottom-large:20px;--awb-spacing-left-large:9.6%;--awb-width-medium:100%;--awb-order-medium:0;--awb-spacing-right-medium:1.92%;--awb-spacing-left-medium:1.92%;--awb-width-small:100%;--awb-order-small:0;--awb-spacing-right-small:1.92%;--awb-spacing-left-small:1.92%;\"><div class=\"fusion-column-wrapper fusion-column-has-shadow fusion-flex-justify-content-flex-start fusion-content-layout-column\"><\/div><\/div><div class=\"fusion-layout-column fusion_builder_column fusion-builder-column-4 fusion_builder_column_3_5 3_5 fusion-flex-column\" style=\"--awb-bg-size:cover;--awb-width-large:60%;--awb-margin-top-large:0px;--awb-spacing-right-large:3.2%;--awb-margin-bottom-large:20px;--awb-spacing-left-large:3.2%;--awb-width-medium:100%;--awb-order-medium:0;--awb-spacing-right-medium:1.92%;--awb-spacing-left-medium:1.92%;--awb-width-small:100%;--awb-order-small:0;--awb-spacing-right-small:1.92%;--awb-spacing-left-small:1.92%;\"><div class=\"fusion-column-wrapper fusion-column-has-shadow fusion-flex-justify-content-flex-start fusion-content-layout-column\"><div class=\"fusion-text fusion-text-1\"><h2 style=\"text-align: center;\"><span style=\"font-size: 36pt;\"><strong><span class=\"a-text-bold\">GESTION CULTURELLE DE L&rsquo;\u00c9MOTION<\/span><\/strong><\/span><\/h2>\n<h2 style=\"text-align: center;\">Comment tirer le meilleur parti d&rsquo;un spectacle programm\u00e9 sans le g\u00e2cher<\/h2>\n<\/div><div class=\"fusion-separator fusion-full-width-sep\" style=\"align-self: center;margin-left: auto;margin-right: auto;margin-bottom:20px;width:100%;\"><\/div><div style=\"text-align:center;\"><a class=\"fusion-button button-flat fusion-button-default-size button-custom fusion-button-default button-1 fusion-button-span-no fusion-button-default-type\" style=\"--awb-padding-top:20px;--awb-padding-right:20px;--awb-padding-bottom:20px;--awb-padding-left:20px;--button_bevel_color:#b5c8a3;--button_accent_color:#ffffff;--button_accent_hover_color:#ffffff;--button_border_hover_color:#ffffff;--button-border-radius-top-left:25px;--button-border-radius-top-right:25px;--button-border-radius-bottom-right:25px;--button-border-radius-bottom-left:25px;--button_gradient_top_color:#b5c8a3;--button_gradient_bottom_color:#b5c8a3;--button_gradient_top_color_hover:#89a7b1;--button_gradient_bottom_color_hover:#89a7b1;--button_font_size:32px;--button_line_height:1.1;\" target=\"_blank\" rel=\"noopener noreferrer\" href=\"https:\/\/amzn.eu\/d\/1IYvPI1\"><span class=\"fusion-button-text awb-button__text awb-button__text--default\">Se procurer le livre<\/span><\/a><\/div><div class=\"fusion-separator fusion-full-width-sep\" style=\"align-self: center;margin-left: auto;margin-right: auto;margin-bottom:40px;width:100%;\"><\/div><div class=\"fusion-text fusion-text-2\"><h1 style=\"text-align: left;\">De la Sc\u00e8ne \u00e0 l&rsquo;\u00c9motion<\/h1>\n<h2 style=\"text-align: left;\">D\u00e9couvrez 5 principes et 4 recommandations cl\u00e9s pour transformer la programmation d&rsquo;un spectacle en une exp\u00e9rience qui porte l&rsquo;\u00e9motion de la sc\u00e8ne jusqu&rsquo;au c\u0153ur du public.<\/h2>\n<p><span style=\"font-size: 18pt;\">Ce livre r\u00e9v\u00e8le les aspects invisibles pour le public mais cruciaux pour le succ\u00e8s d\u2019un spectacle. <strong>Les programmateurs culturels ainsi que les artistes<\/strong> y trouveront des outils pratiques <strong>pour \u00e9viter les erreurs qui peuvent g\u00e2cher une repr\u00e9sentation et pour renforcer ce qui est vraiment important<\/strong>.<\/span><\/p>\n<p><span style=\"font-size: 18pt;\"><strong>Pour les programmateurs, il red\u00e9finit leur r\u00f4le en tant qu\u2019art \u00e0 part enti\u00e8re<\/strong>, leur permettant de garantir que chaque spectacle brille dans toute sa splendeur. <strong>Pour les artistes, il les aide \u00e0 identifier ce qui les propulse et ce qui les limite<\/strong>, assurant une connexion authentique avec leur public et avec eux-m\u00eames<\/span><\/p>\n<p><span style=\"font-size: 18pt;\">Un guide pratique et direct pour ceux qui souhaitent \u00e9lever la programmation et l&rsquo;exp\u00e9rience sc\u00e9nique \u00e0 un niveau sup\u00e9rieur.<\/span><\/p>\n<h1><\/h1>\n<h2 style=\"text-align: center;\"><span style=\"font-size: 36pt;\">Transformez chaque spectacle <\/span><span style=\"font-size: 36pt;\">en une exp\u00e9rience pleine d&rsquo;\u00e9motion.<\/span><\/h2>\n<h1 style=\"text-align: center;\"><\/h1>\n<\/div><div class=\"fusion-separator fusion-full-width-sep\" style=\"align-self: center;margin-left: auto;margin-right: auto;margin-bottom:20px;width:100%;\"><\/div><div class=\"fusion-image-element \" style=\"text-align:center;--awb-caption-title-font-family:var(--h2_typography-font-family);--awb-caption-title-font-weight:var(--h2_typography-font-weight);--awb-caption-title-font-style:var(--h2_typography-font-style);--awb-caption-title-size:var(--h2_typography-font-size);--awb-caption-title-transform:var(--h2_typography-text-transform);--awb-caption-title-line-height:var(--h2_typography-line-height);--awb-caption-title-letter-spacing:var(--h2_typography-letter-spacing);\"><span class=\" fusion-imageframe imageframe-none imageframe-2 hover-type-none\"><a class=\"fusion-no-lightbox\" href=\"https:\/\/amzn.eu\/d\/5r7ZVC1\" target=\"_blank\" aria-label=\"GCE-FR-Cover-1\" rel=\"noopener noreferrer\"><img decoding=\"async\" width=\"683\" height=\"1024\" src=\"https:\/\/www.gromic.eu\/wp-content\/uploads\/2026\/04\/GCE-FR-Cover-1-1-683x1024.jpg\" alt class=\"img-responsive wp-image-39190\"\/><\/a><\/span><\/div><div class=\"fusion-separator fusion-full-width-sep\" style=\"align-self: center;margin-left: auto;margin-right: auto;margin-bottom:20px;width:100%;\"><\/div><div style=\"text-align:center;\"><a class=\"fusion-button button-flat fusion-button-default-size button-custom fusion-button-default button-2 fusion-button-span-no fusion-button-default-type\" style=\"--awb-padding-top:20px;--awb-padding-right:20px;--awb-padding-bottom:20px;--awb-padding-left:20px;--button_bevel_color:#b5c8a3;--button_accent_color:#ffffff;--button_accent_hover_color:#ffffff;--button_border_hover_color:#ffffff;--button-border-radius-top-left:25px;--button-border-radius-top-right:25px;--button-border-radius-bottom-right:25px;--button-border-radius-bottom-left:25px;--button_gradient_top_color:#b5c8a3;--button_gradient_bottom_color:#b5c8a3;--button_gradient_top_color_hover:#89a7b1;--button_gradient_bottom_color_hover:#89a7b1;--button_font_size:32px;--button_line_height:1.1;--button_typography-font-family:&quot;ZallordGromic&quot;;--button_typography-font-style:normal;--button_typography-font-weight:400;\" target=\"_blank\" rel=\"noopener noreferrer\" href=\"https:\/\/amzn.eu\/d\/1IYvPI1\"><span class=\"fusion-button-text awb-button__text awb-button__text--default\">Se procurer le livre<\/span><\/a><\/div><div class=\"fusion-separator fusion-full-width-sep\" style=\"align-self: center;margin-left: auto;margin-right: auto;margin-bottom:20px;width:100%;\"><\/div><div class=\"fusion-text fusion-text-3\"><h2><strong>P.S. : Il ne s&rsquo;agit pas d&rsquo;une oeuvre litt\u00e9raire, mais bien d&rsquo;un outil d\u2019inspiration, \u00e9crit par un Belge dans une langue qui n\u2019est pas la sienne (en Espagnol). Il ne cherche pas \u00e0 vous enseigner votre m\u00e9tier, mais \u00e0 vous offrir une base pratique pour contribuer \u00e0 votre savoir-faire et le transformer en un art.<\/strong><\/h2>\n<\/div><\/div><\/div><div class=\"fusion-layout-column fusion_builder_column fusion-builder-column-5 fusion_builder_column_1_5 1_5 fusion-flex-column\" style=\"--awb-bg-size:cover;--awb-width-large:20%;--awb-margin-top-large:0px;--awb-spacing-right-large:9.6%;--awb-margin-bottom-large:20px;--awb-spacing-left-large:9.6%;--awb-width-medium:100%;--awb-order-medium:0;--awb-spacing-right-medium:1.92%;--awb-spacing-left-medium:1.92%;--awb-width-small:100%;--awb-order-small:0;--awb-spacing-right-small:1.92%;--awb-spacing-left-small:1.92%;\"><div class=\"fusion-column-wrapper fusion-column-has-shadow fusion-flex-justify-content-flex-start fusion-content-layout-column\"><\/div><\/div><\/div><\/div><\/p>\n","protected":false},"excerpt":{"rendered":"","protected":false},"author":3,"featured_media":0,"parent":0,"menu_order":0,"comment_status":"closed","ping_status":"closed","template":"100-width.php","meta":{"footnotes":""},"class_list":["post-36115","page","type-page","status-publish","hentry"],"_links":{"self":[{"href":"https:\/\/www.gromic.eu\/fr\/wp-json\/wp\/v2\/pages\/36115","targetHints":{"allow":["GET"]}}],"collection":[{"href":"https:\/\/www.gromic.eu\/fr\/wp-json\/wp\/v2\/pages"}],"about":[{"href":"https:\/\/www.gromic.eu\/fr\/wp-json\/wp\/v2\/types\/page"}],"author":[{"embeddable":true,"href":"https:\/\/www.gromic.eu\/fr\/wp-json\/wp\/v2\/users\/3"}],"replies":[{"embeddable":true,"href":"https:\/\/www.gromic.eu\/fr\/wp-json\/wp\/v2\/comments?post=36115"}],"version-history":[{"count":16,"href":"https:\/\/www.gromic.eu\/fr\/wp-json\/wp\/v2\/pages\/36115\/revisions"}],"predecessor-version":[{"id":39299,"href":"https:\/\/www.gromic.eu\/fr\/wp-json\/wp\/v2\/pages\/36115\/revisions\/39299"}],"wp:attachment":[{"href":"https:\/\/www.gromic.eu\/fr\/wp-json\/wp\/v2\/media?parent=36115"}],"curies":[{"name":"wp","href":"https:\/\/api.w.org\/{rel}","templated":true}]}}