{"id":37266,"date":"2025-10-25T11:56:31","date_gmt":"2025-10-25T11:56:31","guid":{"rendered":"https:\/\/www.gromic.eu\/hommage-a-gromic\/"},"modified":"2025-10-25T18:41:23","modified_gmt":"2025-10-25T18:41:23","slug":"homenaje-a-gromic","status":"publish","type":"page","link":"https:\/\/www.gromic.eu\/es\/homenaje-a-gromic\/","title":{"rendered":"Homenaje a Gromic"},"content":{"rendered":"<p><div class=\"fusion-fullwidth fullwidth-box fusion-builder-row-1 fusion-flex-container has-pattern-background has-mask-background nonhundred-percent-fullwidth non-hundred-percent-height-scrolling\" style=\"--awb-border-radius-top-left:0px;--awb-border-radius-top-right:0px;--awb-border-radius-bottom-right:0px;--awb-border-radius-bottom-left:0px;--awb-background-color:#89a7b1;--awb-flex-wrap:wrap;\" ><div class=\"fusion-builder-row fusion-row fusion-flex-align-items-flex-start fusion-flex-content-wrap\" style=\"max-width:1144px;margin-left: calc(-4% \/ 2 );margin-right: calc(-4% \/ 2 );\"><div class=\"fusion-layout-column fusion_builder_column fusion-builder-column-0 fusion_builder_column_1_1 1_1 fusion-flex-column\" style=\"--awb-bg-size:cover;--awb-width-large:100%;--awb-margin-top-large:0px;--awb-spacing-right-large:1.92%;--awb-margin-bottom-large:20px;--awb-spacing-left-large:1.92%;--awb-width-medium:100%;--awb-order-medium:0;--awb-spacing-right-medium:1.92%;--awb-spacing-left-medium:1.92%;--awb-width-small:100%;--awb-order-small:0;--awb-spacing-right-small:1.92%;--awb-spacing-left-small:1.92%;\"><div class=\"fusion-column-wrapper fusion-column-has-shadow fusion-flex-justify-content-flex-start fusion-content-layout-column\"><div class=\"fusion-separator fusion-full-width-sep\" style=\"align-self: center;margin-left: auto;margin-right: auto;margin-bottom:40px;width:100%;\"><\/div><div class=\"fusion-text fusion-text-1\"><h1 style=\"text-align: center;\"><span style=\"color: #ffffff;\">Homenaje a Gromic<\/span><\/h1>\n<h2 style=\"text-align: center;\"><span style=\"color: #ffffff;\">De Carsten Weiss, director del Festival Internacional ComedyArts,<\/span><br \/>\n<span style=\"color: #ffffff;\">al entregar el Premio al Fomento de ComedyArts para Actuaciones Particularmente Innovadoras.<\/span><\/h2>\n<\/div><div class=\"fusion-separator fusion-full-width-sep\" style=\"align-self: center;margin-left: auto;margin-right: auto;margin-bottom:20px;width:100%;\"><\/div><\/div><\/div><\/div><\/div><div class=\"fusion-fullwidth fullwidth-box fusion-builder-row-2 fusion-flex-container has-pattern-background has-mask-background nonhundred-percent-fullwidth non-hundred-percent-height-scrolling\" style=\"--awb-border-radius-top-left:0px;--awb-border-radius-top-right:0px;--awb-border-radius-bottom-right:0px;--awb-border-radius-bottom-left:0px;--awb-flex-wrap:wrap;\" ><div class=\"fusion-builder-row fusion-row fusion-flex-align-items-flex-start fusion-flex-content-wrap\" style=\"max-width:1144px;margin-left: calc(-4% \/ 2 );margin-right: calc(-4% \/ 2 );\"><div class=\"fusion-layout-column fusion_builder_column fusion-builder-column-1 fusion_builder_column_1_4 1_4 fusion-flex-column\" style=\"--awb-bg-size:cover;--awb-width-large:25%;--awb-margin-top-large:0px;--awb-spacing-right-large:7.68%;--awb-margin-bottom-large:20px;--awb-spacing-left-large:7.68%;--awb-width-medium:100%;--awb-order-medium:0;--awb-spacing-right-medium:1.92%;--awb-spacing-left-medium:1.92%;--awb-width-small:100%;--awb-order-small:0;--awb-spacing-right-small:1.92%;--awb-spacing-left-small:1.92%;\"><div class=\"fusion-column-wrapper fusion-column-has-shadow fusion-flex-justify-content-flex-start fusion-content-layout-column\"><\/div><\/div><div class=\"fusion-layout-column fusion_builder_column fusion-builder-column-2 fusion_builder_column_1_2 1_2 fusion-flex-column\" style=\"--awb-bg-size:cover;--awb-width-large:50%;--awb-margin-top-large:0px;--awb-spacing-right-large:3.84%;--awb-margin-bottom-large:20px;--awb-spacing-left-large:3.84%;--awb-width-medium:100%;--awb-order-medium:0;--awb-spacing-right-medium:1.92%;--awb-spacing-left-medium:1.92%;--awb-width-small:100%;--awb-order-small:0;--awb-spacing-right-small:1.92%;--awb-spacing-left-small:1.92%;\"><div class=\"fusion-column-wrapper fusion-column-has-shadow fusion-flex-justify-content-flex-start fusion-content-layout-column\"><div class=\"fusion-separator fusion-full-width-sep\" style=\"align-self: center;margin-left: auto;margin-right: auto;margin-bottom:50px;width:100%;\"><\/div><div class=\"fusion-image-element \" style=\"text-align:center;--awb-margin-top:0px;--awb-margin-bottom:0px;--awb-caption-title-font-family:var(--h2_typography-font-family);--awb-caption-title-font-weight:var(--h2_typography-font-weight);--awb-caption-title-font-style:var(--h2_typography-font-style);--awb-caption-title-size:var(--h2_typography-font-size);--awb-caption-title-transform:var(--h2_typography-text-transform);--awb-caption-title-line-height:var(--h2_typography-line-height);--awb-caption-title-letter-spacing:var(--h2_typography-letter-spacing);\"><span class=\" fusion-imageframe imageframe-none imageframe-1 hover-type-none\"><img decoding=\"async\" width=\"800\" height=\"533\" title=\"rsz_1gromic-prize-fotoagentur-ruhr_moers_bettina_engel-albustin-800\" src=\"https:\/\/www.gromic.eu\/wp-content\/uploads\/2023\/09\/rsz_1gromic-prize-fotoagentur-ruhr_moers_bettina_engel-albustin-800.jpg\" alt class=\"img-responsive wp-image-26984\" srcset=\"https:\/\/www.gromic.eu\/wp-content\/uploads\/2023\/09\/rsz_1gromic-prize-fotoagentur-ruhr_moers_bettina_engel-albustin-800-200x133.jpg 200w, https:\/\/www.gromic.eu\/wp-content\/uploads\/2023\/09\/rsz_1gromic-prize-fotoagentur-ruhr_moers_bettina_engel-albustin-800-400x267.jpg 400w, https:\/\/www.gromic.eu\/wp-content\/uploads\/2023\/09\/rsz_1gromic-prize-fotoagentur-ruhr_moers_bettina_engel-albustin-800-600x400.jpg 600w, https:\/\/www.gromic.eu\/wp-content\/uploads\/2023\/09\/rsz_1gromic-prize-fotoagentur-ruhr_moers_bettina_engel-albustin-800.jpg 800w\" sizes=\"(max-width: 1024px) 100vw, (max-width: 640px) 100vw, 600px\" \/><\/span><\/div><div class=\"fusion-separator fusion-full-width-sep\" style=\"align-self: center;margin-left: auto;margin-right: auto;margin-bottom:50px;width:100%;\"><\/div><\/div><\/div><div class=\"fusion-layout-column fusion_builder_column fusion-builder-column-3 fusion_builder_column_1_4 1_4 fusion-flex-column\" style=\"--awb-bg-size:cover;--awb-width-large:25%;--awb-margin-top-large:0px;--awb-spacing-right-large:7.68%;--awb-margin-bottom-large:20px;--awb-spacing-left-large:7.68%;--awb-width-medium:100%;--awb-order-medium:0;--awb-spacing-right-medium:1.92%;--awb-spacing-left-medium:1.92%;--awb-width-small:100%;--awb-order-small:0;--awb-spacing-right-small:1.92%;--awb-spacing-left-small:1.92%;\"><div class=\"fusion-column-wrapper fusion-column-has-shadow fusion-flex-justify-content-flex-start fusion-content-layout-column\"><\/div><\/div><div class=\"fusion-layout-column fusion_builder_column fusion-builder-column-4 fusion_builder_column_1_3 1_3 fusion-flex-column\" style=\"--awb-bg-size:cover;--awb-width-large:33.333333333333%;--awb-margin-top-large:0px;--awb-spacing-right-large:5.76%;--awb-margin-bottom-large:20px;--awb-spacing-left-large:5.76%;--awb-width-medium:100%;--awb-order-medium:0;--awb-spacing-right-medium:1.92%;--awb-spacing-left-medium:1.92%;--awb-width-small:100%;--awb-order-small:0;--awb-spacing-right-small:1.92%;--awb-spacing-left-small:1.92%;\"><div class=\"fusion-column-wrapper fusion-column-has-shadow fusion-flex-justify-content-flex-start fusion-content-layout-column\"><div class=\"fusion-image-element \" style=\"--awb-caption-title-font-family:var(--h2_typography-font-family);--awb-caption-title-font-weight:var(--h2_typography-font-weight);--awb-caption-title-font-style:var(--h2_typography-font-style);--awb-caption-title-size:var(--h2_typography-font-size);--awb-caption-title-transform:var(--h2_typography-text-transform);--awb-caption-title-line-height:var(--h2_typography-line-height);--awb-caption-title-letter-spacing:var(--h2_typography-letter-spacing);\"><span class=\" fusion-imageframe imageframe-none imageframe-2 hover-type-none\"><img decoding=\"async\" width=\"1444\" height=\"2048\" title=\"Image\" src=\"https:\/\/www.gromic.eu\/wp-content\/uploads\/2023\/09\/Image.jpeg\" alt class=\"img-responsive wp-image-26939\" srcset=\"https:\/\/www.gromic.eu\/wp-content\/uploads\/2023\/09\/Image-200x284.jpeg 200w, https:\/\/www.gromic.eu\/wp-content\/uploads\/2023\/09\/Image-400x567.jpeg 400w, https:\/\/www.gromic.eu\/wp-content\/uploads\/2023\/09\/Image-600x851.jpeg 600w, https:\/\/www.gromic.eu\/wp-content\/uploads\/2023\/09\/Image-800x1135.jpeg 800w, https:\/\/www.gromic.eu\/wp-content\/uploads\/2023\/09\/Image-1200x1702.jpeg 1200w, https:\/\/www.gromic.eu\/wp-content\/uploads\/2023\/09\/Image.jpeg 1444w\" sizes=\"(max-width: 1024px) 100vw, (max-width: 640px) 100vw, 400px\" \/><\/span><\/div><div class=\"fusion-separator fusion-full-width-sep\" style=\"align-self: center;margin-left: auto;margin-right: auto;margin-bottom:40px;width:100%;\"><\/div><div class=\"fusion-video fusion-youtube\" style=\"--awb-max-width:600px;--awb-max-height:350px;--awb-align-self:center;--awb-width:100%;\"><div class=\"video-shortcode\"><div class=\"fluid-width-video-wrapper\" style=\"padding-top:58.33%;\" ><iframe title=\"YouTube video player 1\" src=\"https:\/\/www.youtube.com\/embed\/aBaooXFIegA?wmode=transparent&autoplay=0\" width=\"600\" height=\"350\" allowfullscreen allow=\"autoplay; clipboard-write; encrypted-media; gyroscope; picture-in-picture;\"><\/iframe><\/div><\/div><\/div><div class=\"fusion-separator fusion-full-width-sep\" style=\"align-self: center;margin-left: auto;margin-right: auto;margin-bottom:40px;width:100%;\"><\/div><div style=\"text-align:center;\"><a class=\"fusion-button button-flat button-xlarge button-custom fusion-button-default button-1 fusion-button-span-yes fusion-button-default-type\" style=\"--button_accent_color:#ffffff;--button_accent_hover_color:#ffffff;--button_border_hover_color:#ffffff;--button_gradient_top_color:#b5c8a3;--button_gradient_bottom_color:#b5c8a3;--button_gradient_top_color_hover:#89a7b1;--button_gradient_bottom_color_hover:#89a7b1;--button_typography-font-family:&quot;Quicksand&quot;;--button_typography-font-style:normal;--button_typography-font-weight:400;\" target=\"_self\" href=\"https:\/\/www.gromic.eu\/es\/quien-soy\/\"><i class=\"fa-angle-double-left fas awb-button__icon awb-button__icon--default button-icon-left\" aria-hidden=\"true\"><\/i><span class=\"fusion-button-text awb-button__text awb-button__text--default\">Volver a \u00bfQui\u00e9n soy?<\/span><\/a><\/div><\/div><\/div><div class=\"fusion-layout-column fusion_builder_column fusion-builder-column-5 fusion_builder_column_2_3 2_3 fusion-flex-column\" style=\"--awb-bg-size:cover;--awb-width-large:66.666666666667%;--awb-margin-top-large:0px;--awb-spacing-right-large:2.88%;--awb-margin-bottom-large:20px;--awb-spacing-left-large:2.88%;--awb-width-medium:100%;--awb-order-medium:0;--awb-spacing-right-medium:1.92%;--awb-spacing-left-medium:1.92%;--awb-width-small:100%;--awb-order-small:0;--awb-spacing-right-small:1.92%;--awb-spacing-left-small:1.92%;\"><div class=\"fusion-column-wrapper fusion-column-has-shadow fusion-flex-justify-content-flex-start fusion-content-layout-column\"><div class=\"fusion-text fusion-text-2\"><h2>\u00abLa tradici\u00f3n de las artes visuales es muy rica, incluso m\u00e1s all\u00e1 de la interpretaci\u00f3n art\u00edstica y la acrobacia. Basta con pensar en los fant\u00e1sticos artistas del campo del clown y el mimo que han pasado por Moers a lo largo de los 47 a\u00f1os de historia del Festival Internacional ComedyArts.<\/h2>\n<h2>La comedia visual es una forma de humor de alt\u00edsimo nivel. Sin palabras, reducida a expresiones faciales, gestos, lenguaje corporal y unos pocos accesorios, su objetivo es contar historias, crear situaciones o construir escenarios.<\/h2>\n<h2>Aqu\u00ed y ahora queremos homenajear a un verdadero maestro de esta disciplina. Su minimalismo da lugar a cosas extraordinarias, crea lo m\u00e1ximo con su sentido de la sencillez. Finalmente, en esta simplificaci\u00f3n encontramos su gran calidad, que se concreta en cada momento. Es as\u00ed como sus actuaciones aparentemente poco espectaculares se vuelven espectaculares.<\/h2>\n<h2>Este artista tambi\u00e9n representa una innovaci\u00f3n que puede experimentarse en el sentido m\u00e1s literal, porque su comedia no solo llega a personas de todas las generaciones, sino tambi\u00e9n a cualquier p\u00fablico, sin importar cu\u00e1n heterog\u00e9neo sea: los esc\u00e9pticos, los so\u00f1adores, los reservados, los expectantes. A todos los inspira de manera l\u00fadica y trabaja completamente sin comprometer su arte ni cruzar fronteras provocativas.<\/h2>\n<h2>Es un enriquecimiento para la 47\u00aa edici\u00f3n del Festival Internacional ComedyArts de Moers y para todo el arte del humor. De una manera incomparable, en el estilo de la comedia, regala alegr\u00eda, calienta corazones y pone una sonrisa en cada rostro.<\/h2>\n<h2>El Premio al Fomento de ComedyArts para Actuaciones Particularmente Innovadoras, otorgado por el peri\u00f3dico <strong>Neue Ruhr Zeitung<\/strong>, es para: <strong>\u00a1Gromic!\u00bb<\/strong><\/h2>\n<p style=\"text-align: right;\">Moers, septiembre de 2023<\/p>\n<p style=\"text-align: right;\">Carsten Weiss Director Art\u00edstico de ComedyArts<\/p>\n<\/div><div class=\"fusion-separator fusion-full-width-sep\" style=\"align-self: center;margin-left: auto;margin-right: auto;margin-bottom:40px;width:100%;\"><\/div><\/div><\/div><\/div><\/div><\/p>\n","protected":false},"excerpt":{"rendered":"","protected":false},"author":3,"featured_media":0,"parent":0,"menu_order":0,"comment_status":"closed","ping_status":"closed","template":"100-width.php","meta":{"footnotes":""},"class_list":["post-37266","page","type-page","status-publish","hentry"],"_links":{"self":[{"href":"https:\/\/www.gromic.eu\/es\/wp-json\/wp\/v2\/pages\/37266","targetHints":{"allow":["GET"]}}],"collection":[{"href":"https:\/\/www.gromic.eu\/es\/wp-json\/wp\/v2\/pages"}],"about":[{"href":"https:\/\/www.gromic.eu\/es\/wp-json\/wp\/v2\/types\/page"}],"author":[{"embeddable":true,"href":"https:\/\/www.gromic.eu\/es\/wp-json\/wp\/v2\/users\/3"}],"replies":[{"embeddable":true,"href":"https:\/\/www.gromic.eu\/es\/wp-json\/wp\/v2\/comments?post=37266"}],"version-history":[{"count":8,"href":"https:\/\/www.gromic.eu\/es\/wp-json\/wp\/v2\/pages\/37266\/revisions"}],"predecessor-version":[{"id":37278,"href":"https:\/\/www.gromic.eu\/es\/wp-json\/wp\/v2\/pages\/37266\/revisions\/37278"}],"wp:attachment":[{"href":"https:\/\/www.gromic.eu\/es\/wp-json\/wp\/v2\/media?parent=37266"}],"curies":[{"name":"wp","href":"https:\/\/api.w.org\/{rel}","templated":true}]}}