{"id":37280,"date":"2025-10-25T11:56:31","date_gmt":"2025-10-25T11:56:31","guid":{"rendered":"https:\/\/www.gromic.eu\/hommage-a-gromic\/"},"modified":"2025-10-25T19:02:35","modified_gmt":"2025-10-25T19:02:35","slug":"homenatge-a-gromic","status":"publish","type":"page","link":"https:\/\/www.gromic.eu\/ca\/homenatge-a-gromic\/","title":{"rendered":"Homenatge a Gromic"},"content":{"rendered":"<p><div class=\"fusion-fullwidth fullwidth-box fusion-builder-row-1 fusion-flex-container has-pattern-background has-mask-background nonhundred-percent-fullwidth non-hundred-percent-height-scrolling\" style=\"--awb-border-radius-top-left:0px;--awb-border-radius-top-right:0px;--awb-border-radius-bottom-right:0px;--awb-border-radius-bottom-left:0px;--awb-background-color:#89a7b1;--awb-flex-wrap:wrap;\" ><div class=\"fusion-builder-row fusion-row fusion-flex-align-items-flex-start fusion-flex-content-wrap\" style=\"max-width:1144px;margin-left: calc(-4% \/ 2 );margin-right: calc(-4% \/ 2 );\"><div class=\"fusion-layout-column fusion_builder_column fusion-builder-column-0 fusion_builder_column_1_1 1_1 fusion-flex-column\" style=\"--awb-bg-size:cover;--awb-width-large:100%;--awb-margin-top-large:0px;--awb-spacing-right-large:1.92%;--awb-margin-bottom-large:20px;--awb-spacing-left-large:1.92%;--awb-width-medium:100%;--awb-order-medium:0;--awb-spacing-right-medium:1.92%;--awb-spacing-left-medium:1.92%;--awb-width-small:100%;--awb-order-small:0;--awb-spacing-right-small:1.92%;--awb-spacing-left-small:1.92%;\"><div class=\"fusion-column-wrapper fusion-column-has-shadow fusion-flex-justify-content-flex-start fusion-content-layout-column\"><div class=\"fusion-separator fusion-full-width-sep\" style=\"align-self: center;margin-left: auto;margin-right: auto;margin-bottom:40px;width:100%;\"><\/div><div class=\"fusion-text fusion-text-1\"><h1 style=\"text-align: center;\"><span style=\"color: #ffffff;\">Homenatge a Gromic<\/span><\/h1>\n<h2 style=\"text-align: center;\"><span style=\"color: #ffffff;\">De Carsten Weiss, director del Festival Internacional ComedyArts,<\/span><br \/>\n<span style=\"color: #ffffff;\">durant l\u2019entrega del Premi ComedyArts per a Actuacions Particularment Innovadores.<\/span><\/h2>\n<\/div><div class=\"fusion-separator fusion-full-width-sep\" style=\"align-self: center;margin-left: auto;margin-right: auto;margin-bottom:20px;width:100%;\"><\/div><\/div><\/div><\/div><\/div><div class=\"fusion-fullwidth fullwidth-box fusion-builder-row-2 has-pattern-background has-mask-background nonhundred-percent-fullwidth non-hundred-percent-height-scrolling\" style=\"--awb-border-radius-top-left:0px;--awb-border-radius-top-right:0px;--awb-border-radius-bottom-right:0px;--awb-border-radius-bottom-left:0px;--awb-flex-wrap:wrap;\" ><div class=\"fusion-builder-row fusion-row\"><div class=\"fusion-layout-column fusion_builder_column fusion-builder-column-1 fusion_builder_column_1_4 1_4 fusion-one-fourth fusion-column-first\" style=\"--awb-bg-size:cover;width:25%;width:calc(25% - ( ( 4% + 4% ) * 0.25 ) );margin-right: 4%;\"><div class=\"fusion-column-wrapper fusion-column-has-shadow fusion-flex-column-wrapper-legacy\"><div class=\"fusion-clearfix\"><\/div><\/div><\/div><div class=\"fusion-layout-column fusion_builder_column fusion-builder-column-2 fusion_builder_column_1_2 1_2 fusion-one-half\" style=\"--awb-bg-size:cover;width:50%;width:calc(50% - ( ( 4% + 4% ) * 0.5 ) );margin-right: 4%;\"><div class=\"fusion-column-wrapper fusion-column-has-shadow fusion-flex-column-wrapper-legacy\"><div class=\"fusion-sep-clear\"><\/div><div class=\"fusion-separator fusion-full-width-sep\" style=\"margin-left: auto;margin-right: auto;margin-bottom:50px;width:100%;\"><\/div><div class=\"fusion-sep-clear\"><\/div><div class=\"fusion-image-element in-legacy-container\" style=\"--awb-caption-title-font-family:var(--h2_typography-font-family);--awb-caption-title-font-weight:var(--h2_typography-font-weight);--awb-caption-title-font-style:var(--h2_typography-font-style);--awb-caption-title-size:var(--h2_typography-font-size);--awb-caption-title-transform:var(--h2_typography-text-transform);--awb-caption-title-line-height:var(--h2_typography-line-height);--awb-caption-title-letter-spacing:var(--h2_typography-letter-spacing);\"><span class=\" fusion-imageframe imageframe-none imageframe-1 hover-type-none\"><img decoding=\"async\" width=\"800\" height=\"533\" title=\"rsz_1gromic-prize-fotoagentur-ruhr_moers_bettina_engel-albustin-800\" src=\"http:\/\/www.gromic.eu\/wp-content\/uploads\/2023\/09\/rsz_1gromic-prize-fotoagentur-ruhr_moers_bettina_engel-albustin-800.jpg\" alt class=\"img-responsive wp-image-26985\" srcset=\"https:\/\/www.gromic.eu\/wp-content\/uploads\/2023\/09\/rsz_1gromic-prize-fotoagentur-ruhr_moers_bettina_engel-albustin-800-200x133.jpg 200w, https:\/\/www.gromic.eu\/wp-content\/uploads\/2023\/09\/rsz_1gromic-prize-fotoagentur-ruhr_moers_bettina_engel-albustin-800-400x267.jpg 400w, https:\/\/www.gromic.eu\/wp-content\/uploads\/2023\/09\/rsz_1gromic-prize-fotoagentur-ruhr_moers_bettina_engel-albustin-800-600x400.jpg 600w, https:\/\/www.gromic.eu\/wp-content\/uploads\/2023\/09\/rsz_1gromic-prize-fotoagentur-ruhr_moers_bettina_engel-albustin-800.jpg 800w\" sizes=\"(max-width: 800px) 100vw, 600px\" \/><\/span><\/div><div class=\"fusion-sep-clear\"><\/div><div class=\"fusion-separator fusion-full-width-sep\" style=\"margin-left: auto;margin-right: auto;margin-bottom:50px;width:100%;\"><\/div><div class=\"fusion-sep-clear\"><\/div><div class=\"fusion-clearfix\"><\/div><\/div><\/div><div class=\"fusion-layout-column fusion_builder_column fusion-builder-column-3 fusion_builder_column_1_4 1_4 fusion-one-fourth fusion-column-last\" style=\"--awb-bg-size:cover;width:25%;width:calc(25% - ( ( 4% + 4% ) * 0.25 ) );\"><div class=\"fusion-column-wrapper fusion-column-has-shadow fusion-flex-column-wrapper-legacy\"><div class=\"fusion-clearfix\"><\/div><\/div><\/div><div class=\"fusion-layout-column fusion_builder_column fusion-builder-column-4 fusion_builder_column_1_3 1_3 fusion-one-third fusion-column-first\" style=\"--awb-bg-size:cover;width:33.333333333333%;width:calc(33.333333333333% - ( ( 4% ) * 0.33333333333333 ) );margin-right: 4%;\"><div class=\"fusion-column-wrapper fusion-column-has-shadow fusion-flex-column-wrapper-legacy\"><div class=\"fusion-image-element in-legacy-container\" style=\"--awb-caption-title-font-family:var(--h2_typography-font-family);--awb-caption-title-font-weight:var(--h2_typography-font-weight);--awb-caption-title-font-style:var(--h2_typography-font-style);--awb-caption-title-size:var(--h2_typography-font-size);--awb-caption-title-transform:var(--h2_typography-text-transform);--awb-caption-title-line-height:var(--h2_typography-line-height);--awb-caption-title-letter-spacing:var(--h2_typography-letter-spacing);\"><span class=\" fusion-imageframe imageframe-none imageframe-2 hover-type-none\"><img decoding=\"async\" width=\"1444\" height=\"2048\" title=\"Image\" src=\"http:\/\/www.gromic.eu\/wp-content\/uploads\/2023\/09\/Image.jpeg\" alt class=\"img-responsive wp-image-26937\" srcset=\"https:\/\/www.gromic.eu\/wp-content\/uploads\/2023\/09\/Image-200x284.jpeg 200w, https:\/\/www.gromic.eu\/wp-content\/uploads\/2023\/09\/Image-400x567.jpeg 400w, https:\/\/www.gromic.eu\/wp-content\/uploads\/2023\/09\/Image-600x851.jpeg 600w, https:\/\/www.gromic.eu\/wp-content\/uploads\/2023\/09\/Image-800x1135.jpeg 800w, https:\/\/www.gromic.eu\/wp-content\/uploads\/2023\/09\/Image-1200x1702.jpeg 1200w, https:\/\/www.gromic.eu\/wp-content\/uploads\/2023\/09\/Image.jpeg 1444w\" sizes=\"(max-width: 800px) 100vw, 400px\" \/><\/span><\/div><div class=\"fusion-sep-clear\"><\/div><div class=\"fusion-separator fusion-full-width-sep\" style=\"margin-left: auto;margin-right: auto;margin-bottom:40px;width:100%;\"><\/div><div class=\"fusion-sep-clear\"><\/div><div class=\"fusion-video fusion-youtube fusion-aligncenter\" style=\"--awb-max-width:600px;--awb-max-height:360px;--awb-width:100%;\"><div class=\"video-shortcode\"><div class=\"fluid-width-video-wrapper\" style=\"padding-top:60%;\" ><iframe title=\"YouTube video player 1\" src=\"https:\/\/www.youtube.com\/embed\/aBaooXFIegA?wmode=transparent&autoplay=0\" width=\"600\" height=\"360\" allowfullscreen allow=\"autoplay; clipboard-write; encrypted-media; gyroscope; picture-in-picture;\"><\/iframe><\/div><\/div><\/div><div class=\"fusion-sep-clear\"><\/div><div class=\"fusion-separator fusion-full-width-sep\" style=\"margin-left: auto;margin-right: auto;margin-bottom:40px;width:100%;\"><\/div><div class=\"fusion-sep-clear\"><\/div><div class=\"fusion-button-wrapper fusion-align-block\"><a class=\"fusion-button button-flat button-xlarge button-custom fusion-button-default button-1 fusion-button-span-yes fusion-button-default-type\" style=\"--button_accent_color:#ffffff;--button_accent_hover_color:#ffffff;--button_border_hover_color:#ffffff;--button_gradient_top_color:#b5c8a3;--button_gradient_bottom_color:#b5c8a3;--button_gradient_top_color_hover:#89a7b1;--button_gradient_bottom_color_hover:#89a7b1;--button_typography-font-family:&quot;Quicksand&quot;;--button_typography-font-style:normal;--button_typography-font-weight:400;\" target=\"_self\" href=\"https:\/\/www.gromic.eu\/ca\/quin-soc\/\"><i class=\"fa-angle-double-left fas awb-button__icon awb-button__icon--default button-icon-left\" aria-hidden=\"true\"><\/i><span class=\"fusion-button-text awb-button__text awb-button__text--default\">Tornar a Quin soc?<\/span><\/a><\/div><div class=\"fusion-clearfix\"><\/div><\/div><\/div><div class=\"fusion-layout-column fusion_builder_column fusion-builder-column-5 fusion_builder_column_2_3 2_3 fusion-two-third fusion-column-last\" style=\"--awb-bg-size:cover;width:66.666666666667%;width:calc(66.666666666667% - ( ( 4% ) * 0.66666666666667 ) );\"><div class=\"fusion-column-wrapper fusion-column-has-shadow fusion-flex-column-wrapper-legacy\"><div class=\"fusion-text fusion-text-2\"><h2>\u00abLa tradici\u00f3 de les arts visuals \u00e9s immensa, molt m\u00e9s enll\u00e0 de l\u2019art i l\u2019acrob\u00e0cia. Penseu nom\u00e9s en els fant\u00e0stics artistes dels camps del clown i del mim que han format part dels 47 anys d\u2019hist\u00f2ria del Festival Internacional ComedyArts de Moers.<\/h2>\n<h2>La com\u00e8dia visual \u00e9s una forma d\u2019humor de nivell molt alt. Sense paraules, redu\u00efda a expressions facials, gestos, llenguatge corporal i alguns accessoris, el seu objectiu \u00e9s explicar hist\u00f2ries, crear situacions o construir escenaris.<\/h2>\n<h2>Aqu\u00ed i ara volem homenatjar un veritable mestre d\u2019aquesta disciplina. El seu minimalisme d\u00f3na lloc a coses extraordin\u00e0ries, crea el m\u00e0xim amb el seu sentit de la senzillesa. Finalment, en aquesta simplificaci\u00f3 trobem la seva gran qualitat, que es manifesta en cada moment. Aix\u00ed \u00e9s com les seves actuacions aparentment poc espectaculars esdevenen espectaculars.<\/h2>\n<h2>Aquest artista tamb\u00e9 representa una innovaci\u00f3 tangible, ja que la seva com\u00e8dia arriba no nom\u00e9s a persones de totes les generacions, sin\u00f3 tamb\u00e9 a tot tipus de p\u00fablic, per molt heterogeni que sigui: els esc\u00e8ptics, els somiadors, els reservats, els esperan\u00e7ats. A tots els inspira d\u2019una manera l\u00fadica, sense compromisos art\u00edstics ni provocacions innecess\u00e0ries.<\/h2>\n<h2>\u00c9s un enriquiment per a la 47a edici\u00f3 del Festival Internacional ComedyArts de Moers i per a tot l\u2019art de l\u2019humor. De manera incomparable, amb l\u2019esperit de la com\u00e8dia, ofereix alegria, escalfa els cors i arrenca un somriure a totes les cares.<\/h2>\n<h2>El Premi ComedyArts per a Actuacions Particularment Innovadores, atorgat pel diari Neue Ruhr Zeitung, \u00e9s per a: Gromic! \u00bb<\/h2>\n<p style=\"text-align: right;\">Moers, setembre de 2023<br \/>\nCarsten Weiss Director art\u00edstic ComedyArts&#8221;<\/p>\n<\/div><div class=\"fusion-sep-clear\"><\/div><div class=\"fusion-separator fusion-full-width-sep\" style=\"margin-left: auto;margin-right: auto;margin-bottom:40px;width:100%;\"><\/div><div class=\"fusion-sep-clear\"><\/div><div class=\"fusion-clearfix\"><\/div><\/div><\/div><\/div><\/div><\/p>\n","protected":false},"excerpt":{"rendered":"","protected":false},"author":3,"featured_media":0,"parent":0,"menu_order":0,"comment_status":"closed","ping_status":"closed","template":"100-width.php","meta":{"footnotes":""},"class_list":["post-37280","page","type-page","status-publish","hentry"],"_links":{"self":[{"href":"https:\/\/www.gromic.eu\/ca\/wp-json\/wp\/v2\/pages\/37280","targetHints":{"allow":["GET"]}}],"collection":[{"href":"https:\/\/www.gromic.eu\/ca\/wp-json\/wp\/v2\/pages"}],"about":[{"href":"https:\/\/www.gromic.eu\/ca\/wp-json\/wp\/v2\/types\/page"}],"author":[{"embeddable":true,"href":"https:\/\/www.gromic.eu\/ca\/wp-json\/wp\/v2\/users\/3"}],"replies":[{"embeddable":true,"href":"https:\/\/www.gromic.eu\/ca\/wp-json\/wp\/v2\/comments?post=37280"}],"version-history":[{"count":6,"href":"https:\/\/www.gromic.eu\/ca\/wp-json\/wp\/v2\/pages\/37280\/revisions"}],"predecessor-version":[{"id":37295,"href":"https:\/\/www.gromic.eu\/ca\/wp-json\/wp\/v2\/pages\/37280\/revisions\/37295"}],"wp:attachment":[{"href":"https:\/\/www.gromic.eu\/ca\/wp-json\/wp\/v2\/media?parent=37280"}],"curies":[{"name":"wp","href":"https:\/\/api.w.org\/{rel}","templated":true}]}}